{"id":87,"date":"2022-03-08T09:47:59","date_gmt":"2022-03-08T09:47:59","guid":{"rendered":"https:\/\/kelvinandlux.jaysoft.asia\/?page_id=87"},"modified":"2025-11-04T10:58:07","modified_gmt":"2025-11-04T03:58:07","slug":"about-us","status":"publish","type":"page","link":"https:\/\/kelvinandlux.com\/vi\/about-us\/","title":{"rendered":"V\u1ec0 CH\u00daNG T\u00d4I"},"content":{"rendered":"<div data-elementor-type=\"wp-page\" data-elementor-id=\"87\" class=\"elementor elementor-87\" data-elementor-post-type=\"page\">\n\t\t\t\t\t\t<section class=\"elementor-section elementor-top-section elementor-element elementor-element-14452cd elementor-section-boxed elementor-section-height-default elementor-section-height-default\" data-id=\"14452cd\" data-element_type=\"section\">\n\t\t\t\t\t\t<div class=\"elementor-container elementor-column-gap-default\">\n\t\t\t\t\t<div class=\"elementor-column elementor-col-100 elementor-top-column elementor-element elementor-element-df5ed07\" data-id=\"df5ed07\" data-element_type=\"column\">\n\t\t\t<div class=\"elementor-widget-wrap elementor-element-populated\">\n\t\t\t\t\t\t<div class=\"elementor-element elementor-element-cc90480 elementor-widget elementor-widget-spacer\" data-id=\"cc90480\" data-element_type=\"widget\" data-widget_type=\"spacer.default\">\n\t\t\t\t<div class=\"elementor-widget-container\">\n\t\t\t\t\t\t\t<div class=\"elementor-spacer\">\n\t\t\t<div class=\"elementor-spacer-inner\"><\/div>\n\t\t<\/div>\n\t\t\t\t\t\t<\/div>\n\t\t\t\t<\/div>\n\t\t\t\t\t<\/div>\n\t\t<\/div>\n\t\t\t\t\t<\/div>\n\t\t<\/section>\n\t\t\t\t<section class=\"elementor-section elementor-top-section elementor-element elementor-element-e539b9e elementor-section-boxed elementor-section-height-default elementor-section-height-default\" data-id=\"e539b9e\" data-element_type=\"section\">\n\t\t\t\t\t\t<div class=\"elementor-container elementor-column-gap-default\">\n\t\t\t\t\t<div class=\"elementor-column elementor-col-50 elementor-top-column elementor-element elementor-element-7171e8b\" data-id=\"7171e8b\" data-element_type=\"column\">\n\t\t\t<div class=\"elementor-widget-wrap elementor-element-populated\">\n\t\t\t\t\t\t<div class=\"elementor-element elementor-element-fd525ad elementor-widget elementor-widget-spacer\" data-id=\"fd525ad\" data-element_type=\"widget\" data-widget_type=\"spacer.default\">\n\t\t\t\t<div class=\"elementor-widget-container\">\n\t\t\t\t\t\t\t<div class=\"elementor-spacer\">\n\t\t\t<div class=\"elementor-spacer-inner\"><\/div>\n\t\t<\/div>\n\t\t\t\t\t\t<\/div>\n\t\t\t\t<\/div>\n\t\t\t\t<div class=\"elementor-element elementor-element-20de4a6 elementor-widget elementor-widget-heading\" data-id=\"20de4a6\" data-element_type=\"widget\" data-widget_type=\"heading.default\">\n\t\t\t\t<div class=\"elementor-widget-container\">\n\t\t\t\t\t<h2 class=\"elementor-heading-title elementor-size-default\">Kelvin &amp; Lux - <br>\nLighting Solutions<\/h2>\t\t\t\t<\/div>\n\t\t\t\t<\/div>\n\t\t\t\t<div class=\"elementor-element elementor-element-13b95bb elementor-widget elementor-widget-text-editor\" data-id=\"13b95bb\" data-element_type=\"widget\" data-widget_type=\"text-editor.default\">\n\t\t\t\t<div class=\"elementor-widget-container\">\n\t\t\t\t\t\t\t\t\t<p>S\u1ee9 m\u1ec7nh c\u1ee7a ch\u00fang t\u00f4i t\u1ea1i Kelvin &amp; Lux l\u00e0 \u0111\u1ec1 xu\u1ea5t c\u00e1c s\u1ea3n ph\u1ea9m chi\u1ebfu s\u00e1ng kh\u00f4ng ch\u1ec9 c\u00f3 ch\u1ea5t l\u01b0\u1ee3ng v\u01b0\u1ee3t tr\u1ed9i m\u00e0 quan tr\u1ecdng h\u01a1n l\u00e0 t\u1ea1o ra s\u1ef1 kh\u00e1c bi\u1ec7t trong cu\u1ed9c s\u1ed1ng c\u1ee7a m\u1ecdi ng\u01b0\u1eddi.<\/p>\t\t\t\t\t\t\t\t<\/div>\n\t\t\t\t<\/div>\n\t\t\t\t\t<\/div>\n\t\t<\/div>\n\t\t\t\t<div class=\"elementor-column elementor-col-50 elementor-top-column elementor-element elementor-element-d5939a8\" data-id=\"d5939a8\" data-element_type=\"column\">\n\t\t\t<div class=\"elementor-widget-wrap elementor-element-populated\">\n\t\t\t\t\t\t<div class=\"elementor-element elementor-element-e53f3a7 elementor-widget elementor-widget-image\" data-id=\"e53f3a7\" data-element_type=\"widget\" data-widget_type=\"image.default\">\n\t\t\t\t<div class=\"elementor-widget-container\">\n\t\t\t\t\t\t\t\t\t\t\t\t\t\t\t<img fetchpriority=\"high\" decoding=\"async\" width=\"1020\" height=\"680\" src=\"https:\/\/kelvinandlux.com\/wp-content\/uploads\/2022\/04\/Hnet.com-image-2.jpg\" class=\"attachment-full size-full wp-image-842\" alt=\"\" srcset=\"https:\/\/kelvinandlux.com\/wp-content\/uploads\/2022\/04\/Hnet.com-image-2.jpg 1020w, https:\/\/kelvinandlux.com\/wp-content\/uploads\/2022\/04\/Hnet.com-image-2-600x400.jpg 600w, https:\/\/kelvinandlux.com\/wp-content\/uploads\/2022\/04\/Hnet.com-image-2-300x200.jpg 300w, https:\/\/kelvinandlux.com\/wp-content\/uploads\/2022\/04\/Hnet.com-image-2-768x512.jpg 768w\" sizes=\"(max-width: 1020px) 100vw, 1020px\" \/>\t\t\t\t\t\t\t\t\t\t\t\t\t\t\t<\/div>\n\t\t\t\t<\/div>\n\t\t\t\t<div class=\"elementor-element elementor-element-f51d4c6 elementor-widget__width-initial elementor-absolute elementor-widget elementor-widget-image\" data-id=\"f51d4c6\" data-element_type=\"widget\" data-settings=\"{&quot;_position&quot;:&quot;absolute&quot;}\" data-widget_type=\"image.default\">\n\t\t\t\t<div class=\"elementor-widget-container\">\n\t\t\t\t\t\t\t\t\t\t\t\t\t\t\t<img decoding=\"async\" width=\"612\" height=\"553\" src=\"https:\/\/kelvinandlux.com\/wp-content\/uploads\/2022\/03\/Rectangle-img.png\" class=\"attachment-large size-large wp-image-387\" alt=\"\" srcset=\"https:\/\/kelvinandlux.com\/wp-content\/uploads\/2022\/03\/Rectangle-img.png 612w, https:\/\/kelvinandlux.com\/wp-content\/uploads\/2022\/03\/Rectangle-img-600x542.png 600w, https:\/\/kelvinandlux.com\/wp-content\/uploads\/2022\/03\/Rectangle-img-300x271.png 300w\" sizes=\"(max-width: 612px) 100vw, 612px\" \/>\t\t\t\t\t\t\t\t\t\t\t\t\t\t\t<\/div>\n\t\t\t\t<\/div>\n\t\t\t\t\t<\/div>\n\t\t<\/div>\n\t\t\t\t\t<\/div>\n\t\t<\/section>\n\t\t\t\t<section class=\"elementor-section elementor-top-section elementor-element elementor-element-4e1b8fe elementor-section-height-min-height elementor-section-items-top elementor-reverse-mobile elementor-section-boxed elementor-section-height-default\" data-id=\"4e1b8fe\" data-element_type=\"section\" data-settings=\"{&quot;background_background&quot;:&quot;gradient&quot;}\">\n\t\t\t\t\t\t<div class=\"elementor-container elementor-column-gap-default\">\n\t\t\t\t\t<div class=\"elementor-column elementor-col-50 elementor-top-column elementor-element elementor-element-6b9e3cb\" data-id=\"6b9e3cb\" data-element_type=\"column\">\n\t\t\t<div class=\"elementor-widget-wrap elementor-element-populated\">\n\t\t\t\t\t\t<div class=\"elementor-element elementor-element-c8beed7 elementor-widget__width-initial elementor-absolute elementor-widget elementor-widget-image\" data-id=\"c8beed7\" data-element_type=\"widget\" data-settings=\"{&quot;_position&quot;:&quot;absolute&quot;}\" data-widget_type=\"image.default\">\n\t\t\t\t<div class=\"elementor-widget-container\">\n\t\t\t\t\t\t\t\t\t\t\t\t\t\t\t<img decoding=\"async\" width=\"612\" height=\"553\" src=\"https:\/\/kelvinandlux.com\/wp-content\/uploads\/2022\/03\/Rectangle-img.png\" class=\"attachment-large size-large wp-image-387\" alt=\"\" srcset=\"https:\/\/kelvinandlux.com\/wp-content\/uploads\/2022\/03\/Rectangle-img.png 612w, https:\/\/kelvinandlux.com\/wp-content\/uploads\/2022\/03\/Rectangle-img-600x542.png 600w, https:\/\/kelvinandlux.com\/wp-content\/uploads\/2022\/03\/Rectangle-img-300x271.png 300w\" sizes=\"(max-width: 612px) 100vw, 612px\" \/>\t\t\t\t\t\t\t\t\t\t\t\t\t\t\t<\/div>\n\t\t\t\t<\/div>\n\t\t\t\t<div class=\"elementor-element elementor-element-1f1a7b7 elementor-widget elementor-widget-image\" data-id=\"1f1a7b7\" data-element_type=\"widget\" data-widget_type=\"image.default\">\n\t\t\t\t<div class=\"elementor-widget-container\">\n\t\t\t\t\t\t\t\t\t\t\t\t\t\t\t<img decoding=\"async\" width=\"1084\" height=\"718\" src=\"https:\/\/kelvinandlux.com\/wp-content\/uploads\/2022\/04\/Hnet.com-image-4.jpg\" class=\"attachment-full size-full wp-image-843\" alt=\"\" srcset=\"https:\/\/kelvinandlux.com\/wp-content\/uploads\/2022\/04\/Hnet.com-image-4.jpg 1084w, https:\/\/kelvinandlux.com\/wp-content\/uploads\/2022\/04\/Hnet.com-image-4-600x397.jpg 600w, https:\/\/kelvinandlux.com\/wp-content\/uploads\/2022\/04\/Hnet.com-image-4-300x199.jpg 300w, https:\/\/kelvinandlux.com\/wp-content\/uploads\/2022\/04\/Hnet.com-image-4-1024x678.jpg 1024w, https:\/\/kelvinandlux.com\/wp-content\/uploads\/2022\/04\/Hnet.com-image-4-768x509.jpg 768w\" sizes=\"(max-width: 1084px) 100vw, 1084px\" \/>\t\t\t\t\t\t\t\t\t\t\t\t\t\t\t<\/div>\n\t\t\t\t<\/div>\n\t\t\t\t\t<\/div>\n\t\t<\/div>\n\t\t\t\t<div class=\"elementor-column elementor-col-50 elementor-top-column elementor-element elementor-element-4dbd538\" data-id=\"4dbd538\" data-element_type=\"column\">\n\t\t\t<div class=\"elementor-widget-wrap elementor-element-populated\">\n\t\t\t\t\t\t<div class=\"elementor-element elementor-element-cb07baf elementor-widget elementor-widget-text-editor\" data-id=\"cb07baf\" data-element_type=\"widget\" data-widget_type=\"text-editor.default\">\n\t\t\t\t<div class=\"elementor-widget-container\">\n\t\t\t\t\t\t\t\t\t<p>Ch\u00fang t\u00f4i h\u1ee3p t\u00e1c v\u1edbi c\u00e1c th\u01b0\u01a1ng hi\u1ec7u chi\u1ebfu s\u00e1ng t\u1eeb Anh, \u0110\u1ee9c v\u00e0 \u00dd kh\u00f4ng ch\u1ec9 cung c\u1ea5p \u0111\u00e8n Led \u0111\u01a1n thu\u1ea7n. \u0110\u00f3 l\u00e0 nh\u1eefng th\u01b0\u01a1ng hi\u1ec7u s\u1eed d\u1ee5ng c\u00f4ng ngh\u1ec7 m\u1edbi nh\u1ea5t; hi\u1ec3u \u0111\u01b0\u1ee3c t\u1ea7m quan tr\u1ecdng c\u1ee7a vi\u1ec7c k\u1ebft xu\u1ea5t m\u00e0u s\u1eafc theo c\u00e1ch t\u1ef1 nhi\u00ean kh\u00f4ng ch\u1ec9 l\u00e0m \u0111\u1eb9p kh\u00f4ng gian m\u00e0 quan tr\u1ecdng h\u01a1n c\u1ea3 l\u00e0 t\u1ea1o n\u00ean \u00e1nh s\u00e1ng l\u00e0nh m\u1ea1nh nh\u1ea5t.<\/p>\t\t\t\t\t\t\t\t<\/div>\n\t\t\t\t<\/div>\n\t\t\t\t\t<\/div>\n\t\t<\/div>\n\t\t\t\t\t<\/div>\n\t\t<\/section>\n\t\t\t\t<section class=\"elementor-section elementor-top-section elementor-element elementor-element-04076d0 elementor-section-boxed elementor-section-height-default elementor-section-height-default\" data-id=\"04076d0\" data-element_type=\"section\">\n\t\t\t\t\t\t<div class=\"elementor-container elementor-column-gap-default\">\n\t\t\t\t\t<div class=\"elementor-column elementor-col-100 elementor-top-column elementor-element elementor-element-c0b31fa elementor-invisible\" data-id=\"c0b31fa\" data-element_type=\"column\" data-settings=\"{&quot;animation&quot;:&quot;fadeInUp&quot;}\">\n\t\t\t<div class=\"elementor-widget-wrap elementor-element-populated\">\n\t\t\t\t\t\t<section class=\"elementor-section elementor-inner-section elementor-element elementor-element-0204418 elementor-section-height-min-height elementor-section-boxed elementor-section-height-default\" data-id=\"0204418\" data-element_type=\"section\" data-settings=\"{&quot;background_background&quot;:&quot;classic&quot;}\">\n\t\t\t\t\t\t<div class=\"elementor-container elementor-column-gap-default\">\n\t\t\t\t\t<div class=\"elementor-column elementor-col-50 elementor-inner-column elementor-element elementor-element-07259f8\" data-id=\"07259f8\" data-element_type=\"column\">\n\t\t\t<div class=\"elementor-widget-wrap elementor-element-populated\">\n\t\t\t\t\t\t<div class=\"elementor-element elementor-element-86dc7b0 elementor-widget elementor-widget-heading\" data-id=\"86dc7b0\" data-element_type=\"widget\" data-widget_type=\"heading.default\">\n\t\t\t\t<div class=\"elementor-widget-container\">\n\t\t\t\t\t<h2 class=\"elementor-heading-title elementor-size-default\">WE BRING LIGHT TO LIFE<\/h2>\t\t\t\t<\/div>\n\t\t\t\t<\/div>\n\t\t\t\t<div class=\"elementor-element elementor-element-99f4383 elementor-widget elementor-widget-text-editor\" data-id=\"99f4383\" data-element_type=\"widget\" data-widget_type=\"text-editor.default\">\n\t\t\t\t<div class=\"elementor-widget-container\">\n\t\t\t\t\t\t\t\t\t<p>Nh\u00ecn ng\u1eafm to\u00e0n b\u1ed9 th\u1ebf gi\u1edbi v\u1edbi \u00e1nh s\u00e1ng \u0111\u1eb9p m\u1eaft.<\/p>\t\t\t\t\t\t\t\t<\/div>\n\t\t\t\t<\/div>\n\t\t\t\t<div class=\"elementor-element elementor-element-910fd11 elementor-align-left elementor-mobile-align-center elementor-widget elementor-widget-button\" data-id=\"910fd11\" data-element_type=\"widget\" data-widget_type=\"button.default\">\n\t\t\t\t<div class=\"elementor-widget-container\">\n\t\t\t\t\t\t\t\t\t<div class=\"elementor-button-wrapper\">\n\t\t\t\t\t<a class=\"elementor-button elementor-button-link elementor-size-sm\" href=\"#elementor-action%3Aaction%3Dpopup%3Aopen%26settings%3DeyJpZCI6IjYzNSIsInRvZ2dsZSI6ZmFsc2V9\">\n\t\t\t\t\t\t<span class=\"elementor-button-content-wrapper\">\n\t\t\t\t\t\t<span class=\"elementor-button-icon\">\n\t\t\t\t<svg xmlns=\"http:\/\/www.w3.org\/2000\/svg\" width=\"39\" height=\"18\" viewbox=\"0 0 39 18\" fill=\"none\"><path d=\"M29.5949 0.692526C29.2788 0.686447 28.9901 0.874891 28.8624 1.16364C28.7378 1.45542 28.8016 1.7928 29.0235 2.01772L35.23 8.48258H1.57444C1.29481 8.47954 1.03342 8.62543 0.893609 8.86859C0.750755 9.11174 0.750755 9.40961 0.893609 9.65276C1.03342 9.89592 1.29481 10.0418 1.57444 10.0388H35.23L29.0235 16.5036C28.7257 16.8137 28.7378 17.306 29.0478 17.6039C29.3579 17.9018 29.8502 17.8927 30.1481 17.5796L38.1357 9.26067L30.1481 0.941759C30.0053 0.786748 29.8047 0.698605 29.5949 0.692526Z\" fill=\"white\"><\/path><\/svg>\t\t\t<\/span>\n\t\t\t\t\t\t\t\t\t<span class=\"elementor-button-text\">K\u1ebft n\u1ed1i ngay b\u00e2y gi\u1edd<\/span>\n\t\t\t\t\t<\/span>\n\t\t\t\t\t<\/a>\n\t\t\t\t<\/div>\n\t\t\t\t\t\t\t\t<\/div>\n\t\t\t\t<\/div>\n\t\t\t\t\t<\/div>\n\t\t<\/div>\n\t\t\t\t<div class=\"elementor-column elementor-col-50 elementor-inner-column elementor-element elementor-element-3c94c73\" data-id=\"3c94c73\" data-element_type=\"column\">\n\t\t\t<div class=\"elementor-widget-wrap\">\n\t\t\t\t\t\t\t<\/div>\n\t\t<\/div>\n\t\t\t\t\t<\/div>\n\t\t<\/section>\n\t\t\t\t\t<\/div>\n\t\t<\/div>\n\t\t\t\t\t<\/div>\n\t\t<\/section>\n\t\t\t\t<\/div>","protected":false},"excerpt":{"rendered":"<p>Kelvin &amp; Lux &#8211; Lighting Solutions Our mission at Kelvin &amp; Lux is to propose lighting products which are not only of exceptional quality but more importantly make a difference in people\u2019s lives. We work with lighting brands from the UK, Germany and Italy that offer more than just LED lighting. We work with brands [&hellip;]<\/p>","protected":false},"author":1,"featured_media":1081,"parent":0,"menu_order":0,"comment_status":"closed","ping_status":"closed","template":"","meta":{"footnotes":""},"class_list":["post-87","page","type-page","status-publish","has-post-thumbnail","hentry"],"yoast_head":"<!-- This site is optimized with the Yoast SEO plugin v26.2 - https:\/\/yoast.com\/wordpress\/plugins\/seo\/ -->\n<title>About US KELVIN&amp;LUX KL Professional Lighting in HCM<\/title>\n<meta name=\"description\" content=\"ABOUT US Discover KL, trusted lighting design company in Ho Chi Minh. Passion for quality light, design innovation, and energy efficiency\" \/>\n<meta name=\"robots\" content=\"index, follow, max-snippet:-1, max-image-preview:large, max-video-preview:-1\" \/>\n<link rel=\"canonical\" href=\"https:\/\/kelvinandlux.com\/vi\/about-us\/\" \/>\n<meta property=\"og:locale\" content=\"vi_VN\" \/>\n<meta property=\"og:type\" content=\"article\" \/>\n<meta property=\"og:title\" content=\"About US KELVIN&amp;LUX KL Professional Lighting in HCM\" \/>\n<meta property=\"og:description\" content=\"ABOUT US Discover KL, trusted lighting design company in Ho Chi Minh. Passion for quality light, design innovation, and energy efficiency\" \/>\n<meta property=\"og:url\" content=\"https:\/\/kelvinandlux.com\/vi\/about-us\/\" \/>\n<meta property=\"og:site_name\" content=\"Kelvin and Lux\" \/>\n<meta property=\"article:publisher\" content=\"https:\/\/www.facebook.com\/kelvinandlux\" \/>\n<meta property=\"article:modified_time\" content=\"2025-11-04T03:58:07+00:00\" \/>\n<meta property=\"og:image\" content=\"https:\/\/kelvinandlux.com\/wp-content\/uploads\/2022\/04\/0189.jpg\" \/>\n\t<meta property=\"og:image:width\" content=\"1000\" \/>\n\t<meta property=\"og:image:height\" content=\"667\" \/>\n\t<meta property=\"og:image:type\" content=\"image\/jpeg\" \/>\n<meta name=\"twitter:card\" content=\"summary_large_image\" \/>\n<meta name=\"twitter:label1\" content=\"\u01af\u1edbc t\u00ednh th\u1eddi gian \u0111\u1ecdc\" \/>\n\t<meta name=\"twitter:data1\" content=\"2 ph\u00fat\" \/>\n<script type=\"application\/ld+json\" class=\"yoast-schema-graph\">{\"@context\":\"https:\/\/schema.org\",\"@graph\":[{\"@type\":\"WebPage\",\"@id\":\"https:\/\/kelvinandlux.com\/about-us\/\",\"url\":\"https:\/\/kelvinandlux.com\/about-us\/\",\"name\":\"About US KELVIN&LUX KL Professional Lighting in HCM\",\"isPartOf\":{\"@id\":\"https:\/\/kelvinandlux.com\/#website\"},\"primaryImageOfPage\":{\"@id\":\"https:\/\/kelvinandlux.com\/about-us\/#primaryimage\"},\"image\":{\"@id\":\"https:\/\/kelvinandlux.com\/about-us\/#primaryimage\"},\"thumbnailUrl\":\"https:\/\/kelvinandlux.com\/wp-content\/uploads\/2022\/04\/0189.jpg\",\"datePublished\":\"2022-03-08T09:47:59+00:00\",\"dateModified\":\"2025-11-04T03:58:07+00:00\",\"description\":\"ABOUT US Discover KL, trusted lighting design company in Ho Chi Minh. Passion for quality light, design innovation, and energy efficiency\",\"breadcrumb\":{\"@id\":\"https:\/\/kelvinandlux.com\/about-us\/#breadcrumb\"},\"inLanguage\":\"vi\",\"potentialAction\":[{\"@type\":\"ReadAction\",\"target\":[\"https:\/\/kelvinandlux.com\/about-us\/\"]}]},{\"@type\":\"ImageObject\",\"inLanguage\":\"vi\",\"@id\":\"https:\/\/kelvinandlux.com\/about-us\/#primaryimage\",\"url\":\"https:\/\/kelvinandlux.com\/wp-content\/uploads\/2022\/04\/0189.jpg\",\"contentUrl\":\"https:\/\/kelvinandlux.com\/wp-content\/uploads\/2022\/04\/0189.jpg\",\"width\":1000,\"height\":667},{\"@type\":\"BreadcrumbList\",\"@id\":\"https:\/\/kelvinandlux.com\/about-us\/#breadcrumb\",\"itemListElement\":[{\"@type\":\"ListItem\",\"position\":1,\"name\":\"Homepage\",\"item\":\"https:\/\/kelvinandlux.com\/\"},{\"@type\":\"ListItem\",\"position\":2,\"name\":\"About Us\"}]},{\"@type\":\"WebSite\",\"@id\":\"https:\/\/kelvinandlux.com\/#website\",\"url\":\"https:\/\/kelvinandlux.com\/\",\"name\":\"Kelvin and Lux\",\"description\":\"Brilliant Lighting Solutions HCM\",\"publisher\":{\"@id\":\"https:\/\/kelvinandlux.com\/#organization\"},\"alternateName\":\"KL - Kelvinandlux - Kelvin&Lux\",\"potentialAction\":[{\"@type\":\"SearchAction\",\"target\":{\"@type\":\"EntryPoint\",\"urlTemplate\":\"https:\/\/kelvinandlux.com\/?s={search_term_string}\"},\"query-input\":{\"@type\":\"PropertyValueSpecification\",\"valueRequired\":true,\"valueName\":\"search_term_string\"}}],\"inLanguage\":\"vi\"},{\"@type\":\"Organization\",\"@id\":\"https:\/\/kelvinandlux.com\/#organization\",\"name\":\"Kelvin and Lux\",\"alternateName\":\"KL - Kelvinandlux\",\"url\":\"https:\/\/kelvinandlux.com\/\",\"logo\":{\"@type\":\"ImageObject\",\"inLanguage\":\"vi\",\"@id\":\"https:\/\/kelvinandlux.com\/#\/schema\/logo\/image\/\",\"url\":\"https:\/\/kelvinandlux.com\/wp-content\/uploads\/2022\/05\/cropped-MicrosoftTeams-image-4.png\",\"contentUrl\":\"https:\/\/kelvinandlux.com\/wp-content\/uploads\/2022\/05\/cropped-MicrosoftTeams-image-4.png\",\"width\":512,\"height\":512,\"caption\":\"Kelvin and Lux\"},\"image\":{\"@id\":\"https:\/\/kelvinandlux.com\/#\/schema\/logo\/image\/\"},\"sameAs\":[\"https:\/\/www.facebook.com\/kelvinandlux\",\"https:\/\/www.linkedin.com\/company\/kelvinandlux\/posts\/?feedView=all\",\"https:\/\/www.instagram.com\/kelvinandlux\/?hl=en\"]}]}<\/script>\n<!-- \/ Yoast SEO plugin. -->","yoast_head_json":{"title":"About US KELVIN&LUX KL Professional Lighting in HCM","description":"ABOUT US Discover KL, trusted lighting design company in Ho Chi Minh. Passion for quality light, design innovation, and energy efficiency","robots":{"index":"index","follow":"follow","max-snippet":"max-snippet:-1","max-image-preview":"max-image-preview:large","max-video-preview":"max-video-preview:-1"},"canonical":"https:\/\/kelvinandlux.com\/vi\/about-us\/","og_locale":"vi_VN","og_type":"article","og_title":"About US KELVIN&LUX KL Professional Lighting in HCM","og_description":"ABOUT US Discover KL, trusted lighting design company in Ho Chi Minh. Passion for quality light, design innovation, and energy efficiency","og_url":"https:\/\/kelvinandlux.com\/vi\/about-us\/","og_site_name":"Kelvin and Lux","article_publisher":"https:\/\/www.facebook.com\/kelvinandlux","article_modified_time":"2025-11-04T03:58:07+00:00","og_image":[{"width":1000,"height":667,"url":"https:\/\/kelvinandlux.com\/wp-content\/uploads\/2022\/04\/0189.jpg","type":"image\/jpeg"}],"twitter_card":"summary_large_image","twitter_misc":{"\u01af\u1edbc t\u00ednh th\u1eddi gian \u0111\u1ecdc":"2 ph\u00fat"},"schema":{"@context":"https:\/\/schema.org","@graph":[{"@type":"WebPage","@id":"https:\/\/kelvinandlux.com\/about-us\/","url":"https:\/\/kelvinandlux.com\/about-us\/","name":"About US KELVIN&LUX KL Professional Lighting in HCM","isPartOf":{"@id":"https:\/\/kelvinandlux.com\/#website"},"primaryImageOfPage":{"@id":"https:\/\/kelvinandlux.com\/about-us\/#primaryimage"},"image":{"@id":"https:\/\/kelvinandlux.com\/about-us\/#primaryimage"},"thumbnailUrl":"https:\/\/kelvinandlux.com\/wp-content\/uploads\/2022\/04\/0189.jpg","datePublished":"2022-03-08T09:47:59+00:00","dateModified":"2025-11-04T03:58:07+00:00","description":"ABOUT US Discover KL, trusted lighting design company in Ho Chi Minh. Passion for quality light, design innovation, and energy efficiency","breadcrumb":{"@id":"https:\/\/kelvinandlux.com\/about-us\/#breadcrumb"},"inLanguage":"vi","potentialAction":[{"@type":"ReadAction","target":["https:\/\/kelvinandlux.com\/about-us\/"]}]},{"@type":"ImageObject","inLanguage":"vi","@id":"https:\/\/kelvinandlux.com\/about-us\/#primaryimage","url":"https:\/\/kelvinandlux.com\/wp-content\/uploads\/2022\/04\/0189.jpg","contentUrl":"https:\/\/kelvinandlux.com\/wp-content\/uploads\/2022\/04\/0189.jpg","width":1000,"height":667},{"@type":"BreadcrumbList","@id":"https:\/\/kelvinandlux.com\/about-us\/#breadcrumb","itemListElement":[{"@type":"ListItem","position":1,"name":"Homepage","item":"https:\/\/kelvinandlux.com\/"},{"@type":"ListItem","position":2,"name":"About Us"}]},{"@type":"WebSite","@id":"https:\/\/kelvinandlux.com\/#website","url":"https:\/\/kelvinandlux.com\/","name":"Kelvin and Lux","description":"Brilliant Lighting Solutions HCM","publisher":{"@id":"https:\/\/kelvinandlux.com\/#organization"},"alternateName":"KL - Kelvinandlux - Kelvin&Lux","potentialAction":[{"@type":"SearchAction","target":{"@type":"EntryPoint","urlTemplate":"https:\/\/kelvinandlux.com\/?s={search_term_string}"},"query-input":{"@type":"PropertyValueSpecification","valueRequired":true,"valueName":"search_term_string"}}],"inLanguage":"vi"},{"@type":"Organization","@id":"https:\/\/kelvinandlux.com\/#organization","name":"Kelvin and Lux","alternateName":"KL - Kelvinandlux","url":"https:\/\/kelvinandlux.com\/","logo":{"@type":"ImageObject","inLanguage":"vi","@id":"https:\/\/kelvinandlux.com\/#\/schema\/logo\/image\/","url":"https:\/\/kelvinandlux.com\/wp-content\/uploads\/2022\/05\/cropped-MicrosoftTeams-image-4.png","contentUrl":"https:\/\/kelvinandlux.com\/wp-content\/uploads\/2022\/05\/cropped-MicrosoftTeams-image-4.png","width":512,"height":512,"caption":"Kelvin and Lux"},"image":{"@id":"https:\/\/kelvinandlux.com\/#\/schema\/logo\/image\/"},"sameAs":["https:\/\/www.facebook.com\/kelvinandlux","https:\/\/www.linkedin.com\/company\/kelvinandlux\/posts\/?feedView=all","https:\/\/www.instagram.com\/kelvinandlux\/?hl=en"]}]}},"_links":{"self":[{"href":"https:\/\/kelvinandlux.com\/vi\/wp-json\/wp\/v2\/pages\/87","targetHints":{"allow":["GET"]}}],"collection":[{"href":"https:\/\/kelvinandlux.com\/vi\/wp-json\/wp\/v2\/pages"}],"about":[{"href":"https:\/\/kelvinandlux.com\/vi\/wp-json\/wp\/v2\/types\/page"}],"author":[{"embeddable":true,"href":"https:\/\/kelvinandlux.com\/vi\/wp-json\/wp\/v2\/users\/1"}],"replies":[{"embeddable":true,"href":"https:\/\/kelvinandlux.com\/vi\/wp-json\/wp\/v2\/comments?post=87"}],"version-history":[{"count":64,"href":"https:\/\/kelvinandlux.com\/vi\/wp-json\/wp\/v2\/pages\/87\/revisions"}],"predecessor-version":[{"id":1540,"href":"https:\/\/kelvinandlux.com\/vi\/wp-json\/wp\/v2\/pages\/87\/revisions\/1540"}],"wp:featuredmedia":[{"embeddable":true,"href":"https:\/\/kelvinandlux.com\/vi\/wp-json\/wp\/v2\/media\/1081"}],"wp:attachment":[{"href":"https:\/\/kelvinandlux.com\/vi\/wp-json\/wp\/v2\/media?parent=87"}],"curies":[{"name":"wp","href":"https:\/\/api.w.org\/{rel}","templated":true}]}}