{"id":1435,"date":"2022-05-18T11:12:16","date_gmt":"2022-05-18T11:12:16","guid":{"rendered":"https:\/\/kelvinandlux.com\/?page_id=1435"},"modified":"2025-11-03T11:41:45","modified_gmt":"2025-11-03T04:41:45","slug":"sitemap","status":"publish","type":"page","link":"https:\/\/kelvinandlux.com\/vi\/sitemap\/","title":{"rendered":"sitemap"},"content":{"rendered":"<div data-elementor-type=\"wp-page\" data-elementor-id=\"1435\" class=\"elementor elementor-1435\" data-elementor-post-type=\"page\">\n\t\t\t\t\t\t<section class=\"elementor-section elementor-top-section elementor-element elementor-element-6c1d957 elementor-section-boxed elementor-section-height-default elementor-section-height-default\" data-id=\"6c1d957\" data-element_type=\"section\">\n\t\t\t\t\t\t<div class=\"elementor-container elementor-column-gap-default\">\n\t\t\t\t\t<div class=\"elementor-column elementor-col-100 elementor-top-column elementor-element elementor-element-5603e99\" data-id=\"5603e99\" data-element_type=\"column\">\n\t\t\t<div class=\"elementor-widget-wrap elementor-element-populated\">\n\t\t\t\t\t\t<div class=\"elementor-element elementor-element-d604e2e elementor-widget elementor-widget-sitemap\" data-id=\"d604e2e\" data-element_type=\"widget\" data-widget_type=\"sitemap.default\">\n\t\t\t\t<div class=\"elementor-widget-container\">\n\t\t\t\t\t<div class=\"elementor-sitemap-wrap\"><div class=\"elementor-sitemap-section\"><h2 class=\"elementor-sitemap-title elementor-sitemap-page-title\">Pages<\/h2><ul class=\"elementor-sitemap-list elementor-sitemap-page-list\"><li class=\"elementor-sitemap-item elementor-sitemap-item-page page_item page-item-443\"><a href=\"https:\/\/kelvinandlux.com\/vi\/draft\/\">Draft<\/a><\/li><li class=\"elementor-sitemap-item elementor-sitemap-item-page page_item page-item-1080\"><a href=\"https:\/\/kelvinandlux.com\/vi\/refund_returns\/\">Refund and Returns Policy<\/a><\/li><li class=\"elementor-sitemap-item elementor-sitemap-item-page page_item page-item-1435\"><a href=\"https:\/\/kelvinandlux.com\/vi\/sitemap\/\">sitemap<\/a><\/li><li class=\"elementor-sitemap-item elementor-sitemap-item-page page_item page-item-1079\"><a href=\"https:\/\/kelvinandlux.com\/vi\/my-account\/\">My account<\/a><\/li><li class=\"elementor-sitemap-item elementor-sitemap-item-page page_item page-item-1078\"><a href=\"https:\/\/kelvinandlux.com\/vi\/checkout\/\">Checkout<\/a><\/li><li class=\"elementor-sitemap-item elementor-sitemap-item-page page_item page-item-1077\"><a href=\"https:\/\/kelvinandlux.com\/vi\/cart\/\">Cart<\/a><\/li><li class=\"elementor-sitemap-item elementor-sitemap-item-page page_item page-item-1076\"><a href=\"https:\/\/kelvinandlux.com\/vi\/shop\/\">Shop<\/a><\/li><li class=\"elementor-sitemap-item elementor-sitemap-item-page page_item page-item-656\"><a href=\"https:\/\/kelvinandlux.com\/vi\/contact-us\/\">Contact us<\/a><\/li><li class=\"elementor-sitemap-item elementor-sitemap-item-page page_item page-item-535\"><a href=\"https:\/\/kelvinandlux.com\/vi\/product\/\">S\u1ea2N PH\u1ea8M<\/a><\/li><li class=\"elementor-sitemap-item elementor-sitemap-item-page page_item page-item-97\"><a href=\"https:\/\/kelvinandlux.com\/vi\/privacy-policy\/\">CH\u00cdNH S\u00c1CH B\u1ea2O M\u1eacT<\/a><\/li><li class=\"elementor-sitemap-item elementor-sitemap-item-page page_item page-item-95\"><a href=\"https:\/\/kelvinandlux.com\/vi\/conditions-terms\/\">\u0110I\u1ec0U KHO\u1ea2N S\u1eec D\u1ee4NG<\/a><\/li><li class=\"elementor-sitemap-item elementor-sitemap-item-page page_item page-item-93\"><a href=\"https:\/\/kelvinandlux.com\/vi\/news\/\">TIN T\u1ee8C<\/a><\/li><li class=\"elementor-sitemap-item elementor-sitemap-item-page page_item page-item-91\"><a href=\"https:\/\/kelvinandlux.com\/vi\/projects\/\">D\u1ef0 \u00c1N<\/a><\/li><li class=\"elementor-sitemap-item elementor-sitemap-item-page page_item page-item-89\"><a href=\"https:\/\/kelvinandlux.com\/vi\/brands\/\">TH\u01af\u01a0NG HI\u1ec6U<\/a><\/li><li class=\"elementor-sitemap-item elementor-sitemap-item-page page_item page-item-87\"><a href=\"https:\/\/kelvinandlux.com\/vi\/about-us\/\">V\u1ec0 CH\u00daNG T\u00d4I<\/a><\/li><li class=\"elementor-sitemap-item elementor-sitemap-item-page page_item page-item-7\"><a href=\"https:\/\/kelvinandlux.com\/vi\/\">Trang ch\u1ee7<\/a><\/li><li class=\"elementor-sitemap-item elementor-sitemap-item-page page_item page-item-2\"><a href=\"https:\/\/kelvinandlux.com\/vi\/sample-page\/\">Sample Page<\/a><\/li><\/ul><\/div><div class=\"elementor-sitemap-section\"><h2 class=\"elementor-sitemap-title elementor-sitemap-category-title\">Categories<\/h2><ul class=\"elementor-sitemap-list elementor-sitemap-category-list\">\t<li class=\"elementor-sitemap-item elementor-sitemap-item-category cat-item cat-item-23\"><a href=\"https:\/\/kelvinandlux.com\/vi\/category\/product-categories\/orluna\/wallwasher\/\">Wallwasher<\/a>\n<\/li>\n\t<li class=\"elementor-sitemap-item elementor-sitemap-item-category cat-item cat-item-31\"><a href=\"https:\/\/kelvinandlux.com\/vi\/category\/product-categories\/orluna\/wall-light-orluna\/\">Wall Light<\/a>\n<\/li>\n\t<li class=\"elementor-sitemap-item elementor-sitemap-item-category cat-item cat-item-19\"><a href=\"https:\/\/kelvinandlux.com\/vi\/category\/product-categories\/orluna\/uplight\/\">\u00c2m \u0111\u1ea5t<\/a>\n<\/li>\n\t<li class=\"elementor-sitemap-item elementor-sitemap-item-category cat-item cat-item-28\"><a href=\"https:\/\/kelvinandlux.com\/vi\/category\/product-categories\/ray-lighting\/table-lamp\/\">\u0110\u00e8n b\u00e0n<\/a>\n<\/li>\n\t<li class=\"elementor-sitemap-item elementor-sitemap-item-category cat-item cat-item-18\"><a href=\"https:\/\/kelvinandlux.com\/vi\/category\/product-categories\/orluna\/surface-track\/\">\u1ed0p tr\u1ea7n &amp; R\u1ecdi ray<\/a>\n<\/li>\n\t<li class=\"elementor-sitemap-item elementor-sitemap-item-category cat-item cat-item-32\"><a href=\"https:\/\/kelvinandlux.com\/vi\/category\/product-categories\/ray-lighting\/surface-track-ray-lighting\/\">\u1ed0p tr\u1ea7n &amp; R\u1ecdi ray<\/a>\n<\/li>\n\t<li class=\"elementor-sitemap-item elementor-sitemap-item-category cat-item cat-item-27\"><a href=\"https:\/\/kelvinandlux.com\/vi\/category\/product-categories\/ray-lighting\/shelf-lighting\/\">Shelf lighting<\/a>\n<\/li>\n\t<li class=\"elementor-sitemap-item elementor-sitemap-item-category cat-item cat-item-20\"><a href=\"https:\/\/kelvinandlux.com\/vi\/category\/product-categories\/orluna\/recessed-adjustable\/\">\u00c2m tr\u1ea7n<\/a>\n<\/li>\n\t<li class=\"elementor-sitemap-item elementor-sitemap-item-category cat-item cat-item-22\"><a href=\"https:\/\/kelvinandlux.com\/vi\/category\/product-categories\/orluna\/recessed\/\">Recessed<\/a>\n<\/li>\n\t<li class=\"elementor-sitemap-item elementor-sitemap-item-category cat-item cat-item-17\"><a href=\"https:\/\/kelvinandlux.com\/vi\/category\/product-categories\/ray-lighting\/\">RAY Lighting<\/a>\n<\/li>\n\t<li class=\"elementor-sitemap-item elementor-sitemap-item-category cat-item cat-item-34\"><a href=\"https:\/\/kelvinandlux.com\/vi\/category\/project\/project-1\/\">Project-1<\/a>\n<\/li>\n\t<li class=\"elementor-sitemap-item elementor-sitemap-item-category cat-item cat-item-33\"><a href=\"https:\/\/kelvinandlux.com\/vi\/category\/project\/\">Project<\/a>\n<\/li>\n\t<li class=\"elementor-sitemap-item elementor-sitemap-item-category cat-item cat-item-15\"><a href=\"https:\/\/kelvinandlux.com\/vi\/category\/product-categories\/\">Danh m\u1ee5c s\u1ea3n ph\u1ea9m<\/a>\n<\/li>\n\t<li class=\"elementor-sitemap-item elementor-sitemap-item-category cat-item cat-item-16\"><a href=\"https:\/\/kelvinandlux.com\/vi\/category\/product-categories\/orluna\/\">Orluna<\/a>\n<\/li>\n\t<li class=\"elementor-sitemap-item elementor-sitemap-item-category cat-item cat-item-21\"><a href=\"https:\/\/kelvinandlux.com\/vi\/category\/product-categories\/orluna\/linear\/\">Treo tr\u1ea7n<\/a>\n<\/li>\n\t<li class=\"elementor-sitemap-item elementor-sitemap-item-category cat-item cat-item-26\"><a href=\"https:\/\/kelvinandlux.com\/vi\/category\/product-categories\/ray-lighting\/led-engine\/\">LED engine<\/a>\n<\/li>\n\t<li class=\"elementor-sitemap-item elementor-sitemap-item-category cat-item cat-item-25\"><a href=\"https:\/\/kelvinandlux.com\/vi\/category\/product-categories\/ray-lighting\/led-bulb\/\">LED bulb<\/a>\n<\/li>\n\t<li class=\"elementor-sitemap-item elementor-sitemap-item-category cat-item cat-item-24\"><a href=\"https:\/\/kelvinandlux.com\/vi\/category\/product-categories\/orluna\/downlight\/\">Downlight<\/a>\n<\/li>\n<\/ul><\/div><\/div>\t\t\t\t<\/div>\n\t\t\t\t<\/div>\n\t\t\t\t\t<\/div>\n\t\t<\/div>\n\t\t\t\t\t<\/div>\n\t\t<\/section>\n\t\t\t\t<\/div>","protected":false},"excerpt":{"rendered":"","protected":false},"author":1,"featured_media":0,"parent":0,"menu_order":0,"comment_status":"closed","ping_status":"closed","template":"","meta":{"footnotes":""},"class_list":["post-1435","page","type-page","status-publish","hentry"],"yoast_head":"<!-- This site is optimized with the Yoast SEO plugin v26.2 - https:\/\/yoast.com\/wordpress\/plugins\/seo\/ -->\n<title>Sitemap - Kelvin&amp;Lux<\/title>\n<meta name=\"description\" content=\"Visit our Sitemap - Kelvin &amp; Lux to enhance your browsing experience and locate all blog entries effortlessly.\" \/>\n<meta name=\"robots\" content=\"index, follow, max-snippet:-1, max-image-preview:large, max-video-preview:-1\" \/>\n<link rel=\"canonical\" href=\"https:\/\/kelvinandlux.com\/vi\/sitemap\/\" \/>\n<meta property=\"og:locale\" content=\"vi_VN\" \/>\n<meta property=\"og:type\" content=\"article\" \/>\n<meta property=\"og:title\" content=\"Sitemap - Kelvin&amp;Lux\" \/>\n<meta property=\"og:description\" content=\"Visit our Sitemap - Kelvin &amp; Lux to enhance your browsing experience and locate all blog entries effortlessly.\" \/>\n<meta property=\"og:url\" content=\"https:\/\/kelvinandlux.com\/vi\/sitemap\/\" \/>\n<meta property=\"og:site_name\" content=\"Kelvin and Lux\" \/>\n<meta property=\"article:publisher\" content=\"https:\/\/www.facebook.com\/kelvinandlux\" \/>\n<meta property=\"article:modified_time\" content=\"2025-11-03T04:41:45+00:00\" \/>\n<meta property=\"og:image\" content=\"https:\/\/kelvinandlux.com\/wp-content\/uploads\/2022\/05\/Fina_Adjustable.jpg\" \/>\n\t<meta property=\"og:image:width\" content=\"720\" \/>\n\t<meta property=\"og:image:height\" content=\"720\" \/>\n\t<meta property=\"og:image:type\" content=\"image\/jpeg\" \/>\n<meta name=\"twitter:card\" content=\"summary_large_image\" \/>\n<script type=\"application\/ld+json\" class=\"yoast-schema-graph\">{\"@context\":\"https:\/\/schema.org\",\"@graph\":[{\"@type\":\"WebPage\",\"@id\":\"https:\/\/kelvinandlux.com\/sitemap\/\",\"url\":\"https:\/\/kelvinandlux.com\/sitemap\/\",\"name\":\"Sitemap - Kelvin&Lux\",\"isPartOf\":{\"@id\":\"https:\/\/kelvinandlux.com\/#website\"},\"datePublished\":\"2022-05-18T11:12:16+00:00\",\"dateModified\":\"2025-11-03T04:41:45+00:00\",\"description\":\"Visit our Sitemap - Kelvin & Lux to enhance your browsing experience and locate all blog entries effortlessly.\",\"breadcrumb\":{\"@id\":\"https:\/\/kelvinandlux.com\/sitemap\/#breadcrumb\"},\"inLanguage\":\"vi\",\"potentialAction\":[{\"@type\":\"ReadAction\",\"target\":[\"https:\/\/kelvinandlux.com\/sitemap\/\"]}]},{\"@type\":\"BreadcrumbList\",\"@id\":\"https:\/\/kelvinandlux.com\/sitemap\/#breadcrumb\",\"itemListElement\":[{\"@type\":\"ListItem\",\"position\":1,\"name\":\"Homepage\",\"item\":\"https:\/\/kelvinandlux.com\/\"},{\"@type\":\"ListItem\",\"position\":2,\"name\":\"sitemap\"}]},{\"@type\":\"WebSite\",\"@id\":\"https:\/\/kelvinandlux.com\/#website\",\"url\":\"https:\/\/kelvinandlux.com\/\",\"name\":\"Kelvin and Lux\",\"description\":\"Brilliant Lighting Solutions HCM\",\"publisher\":{\"@id\":\"https:\/\/kelvinandlux.com\/#organization\"},\"alternateName\":\"KL - Kelvinandlux - Kelvin&Lux\",\"potentialAction\":[{\"@type\":\"SearchAction\",\"target\":{\"@type\":\"EntryPoint\",\"urlTemplate\":\"https:\/\/kelvinandlux.com\/?s={search_term_string}\"},\"query-input\":{\"@type\":\"PropertyValueSpecification\",\"valueRequired\":true,\"valueName\":\"search_term_string\"}}],\"inLanguage\":\"vi\"},{\"@type\":\"Organization\",\"@id\":\"https:\/\/kelvinandlux.com\/#organization\",\"name\":\"Kelvin and Lux\",\"alternateName\":\"KL - Kelvinandlux\",\"url\":\"https:\/\/kelvinandlux.com\/\",\"logo\":{\"@type\":\"ImageObject\",\"inLanguage\":\"vi\",\"@id\":\"https:\/\/kelvinandlux.com\/#\/schema\/logo\/image\/\",\"url\":\"https:\/\/kelvinandlux.com\/wp-content\/uploads\/2022\/05\/cropped-MicrosoftTeams-image-4.png\",\"contentUrl\":\"https:\/\/kelvinandlux.com\/wp-content\/uploads\/2022\/05\/cropped-MicrosoftTeams-image-4.png\",\"width\":512,\"height\":512,\"caption\":\"Kelvin and Lux\"},\"image\":{\"@id\":\"https:\/\/kelvinandlux.com\/#\/schema\/logo\/image\/\"},\"sameAs\":[\"https:\/\/www.facebook.com\/kelvinandlux\",\"https:\/\/www.linkedin.com\/company\/kelvinandlux\/posts\/?feedView=all\",\"https:\/\/www.instagram.com\/kelvinandlux\/?hl=en\"]}]}<\/script>\n<!-- \/ Yoast SEO plugin. -->","yoast_head_json":{"title":"Sitemap - Kelvin&Lux","description":"Visit our Sitemap - Kelvin & Lux to enhance your browsing experience and locate all blog entries effortlessly.","robots":{"index":"index","follow":"follow","max-snippet":"max-snippet:-1","max-image-preview":"max-image-preview:large","max-video-preview":"max-video-preview:-1"},"canonical":"https:\/\/kelvinandlux.com\/vi\/sitemap\/","og_locale":"vi_VN","og_type":"article","og_title":"Sitemap - Kelvin&Lux","og_description":"Visit our Sitemap - Kelvin & Lux to enhance your browsing experience and locate all blog entries effortlessly.","og_url":"https:\/\/kelvinandlux.com\/vi\/sitemap\/","og_site_name":"Kelvin and Lux","article_publisher":"https:\/\/www.facebook.com\/kelvinandlux","article_modified_time":"2025-11-03T04:41:45+00:00","og_image":[{"width":720,"height":720,"url":"https:\/\/kelvinandlux.com\/wp-content\/uploads\/2022\/05\/Fina_Adjustable.jpg","type":"image\/jpeg"}],"twitter_card":"summary_large_image","schema":{"@context":"https:\/\/schema.org","@graph":[{"@type":"WebPage","@id":"https:\/\/kelvinandlux.com\/sitemap\/","url":"https:\/\/kelvinandlux.com\/sitemap\/","name":"Sitemap - Kelvin&Lux","isPartOf":{"@id":"https:\/\/kelvinandlux.com\/#website"},"datePublished":"2022-05-18T11:12:16+00:00","dateModified":"2025-11-03T04:41:45+00:00","description":"Visit our Sitemap - Kelvin & Lux to enhance your browsing experience and locate all blog entries effortlessly.","breadcrumb":{"@id":"https:\/\/kelvinandlux.com\/sitemap\/#breadcrumb"},"inLanguage":"vi","potentialAction":[{"@type":"ReadAction","target":["https:\/\/kelvinandlux.com\/sitemap\/"]}]},{"@type":"BreadcrumbList","@id":"https:\/\/kelvinandlux.com\/sitemap\/#breadcrumb","itemListElement":[{"@type":"ListItem","position":1,"name":"Homepage","item":"https:\/\/kelvinandlux.com\/"},{"@type":"ListItem","position":2,"name":"sitemap"}]},{"@type":"WebSite","@id":"https:\/\/kelvinandlux.com\/#website","url":"https:\/\/kelvinandlux.com\/","name":"Kelvin and Lux","description":"Brilliant Lighting Solutions HCM","publisher":{"@id":"https:\/\/kelvinandlux.com\/#organization"},"alternateName":"KL - Kelvinandlux - Kelvin&Lux","potentialAction":[{"@type":"SearchAction","target":{"@type":"EntryPoint","urlTemplate":"https:\/\/kelvinandlux.com\/?s={search_term_string}"},"query-input":{"@type":"PropertyValueSpecification","valueRequired":true,"valueName":"search_term_string"}}],"inLanguage":"vi"},{"@type":"Organization","@id":"https:\/\/kelvinandlux.com\/#organization","name":"Kelvin and Lux","alternateName":"KL - Kelvinandlux","url":"https:\/\/kelvinandlux.com\/","logo":{"@type":"ImageObject","inLanguage":"vi","@id":"https:\/\/kelvinandlux.com\/#\/schema\/logo\/image\/","url":"https:\/\/kelvinandlux.com\/wp-content\/uploads\/2022\/05\/cropped-MicrosoftTeams-image-4.png","contentUrl":"https:\/\/kelvinandlux.com\/wp-content\/uploads\/2022\/05\/cropped-MicrosoftTeams-image-4.png","width":512,"height":512,"caption":"Kelvin and Lux"},"image":{"@id":"https:\/\/kelvinandlux.com\/#\/schema\/logo\/image\/"},"sameAs":["https:\/\/www.facebook.com\/kelvinandlux","https:\/\/www.linkedin.com\/company\/kelvinandlux\/posts\/?feedView=all","https:\/\/www.instagram.com\/kelvinandlux\/?hl=en"]}]}},"_links":{"self":[{"href":"https:\/\/kelvinandlux.com\/vi\/wp-json\/wp\/v2\/pages\/1435","targetHints":{"allow":["GET"]}}],"collection":[{"href":"https:\/\/kelvinandlux.com\/vi\/wp-json\/wp\/v2\/pages"}],"about":[{"href":"https:\/\/kelvinandlux.com\/vi\/wp-json\/wp\/v2\/types\/page"}],"author":[{"embeddable":true,"href":"https:\/\/kelvinandlux.com\/vi\/wp-json\/wp\/v2\/users\/1"}],"replies":[{"embeddable":true,"href":"https:\/\/kelvinandlux.com\/vi\/wp-json\/wp\/v2\/comments?post=1435"}],"version-history":[{"count":7,"href":"https:\/\/kelvinandlux.com\/vi\/wp-json\/wp\/v2\/pages\/1435\/revisions"}],"predecessor-version":[{"id":1442,"href":"https:\/\/kelvinandlux.com\/vi\/wp-json\/wp\/v2\/pages\/1435\/revisions\/1442"}],"wp:attachment":[{"href":"https:\/\/kelvinandlux.com\/vi\/wp-json\/wp\/v2\/media?parent=1435"}],"curies":[{"name":"wp","href":"https:\/\/api.w.org\/{rel}","templated":true}]}}